{"id":8904,"date":"2023-10-12T11:02:48","date_gmt":"2023-10-12T09:02:48","guid":{"rendered":"https:\/\/heraheracles.com\/themehera\/mentions-legales\/"},"modified":"2023-10-12T11:03:10","modified_gmt":"2023-10-12T09:03:10","slug":"mentions-legales","status":"publish","type":"page","link":"https:\/\/heraheracles.com\/themehera\/mentions-legales\/","title":{"rendered":"Mentions l\u00e9gales"},"content":{"rendered":"\t\t<div data-elementor-type=\"wp-page\" data-elementor-id=\"8904\" class=\"elementor elementor-8904\">\n\t\t\t\t\t\t\t\t\t<section class=\"elementor-section elementor-top-section elementor-element elementor-element-53a74d7f elementor-section-boxed elementor-section-height-default elementor-section-height-default wpr-particle-no wpr-jarallax-no wpr-parallax-no wpr-sticky-section-no\" data-id=\"53a74d7f\" data-element_type=\"section\" data-settings=\"{&quot;background_background&quot;:&quot;gradient&quot;}\">\n\t\t\t\t\t\t<div class=\"elementor-container elementor-column-gap-no\">\n\t\t\t\t\t<div class=\"elementor-column elementor-col-100 elementor-top-column elementor-element elementor-element-12b0742\" data-id=\"12b0742\" data-element_type=\"column\">\n\t\t\t<div class=\"elementor-widget-wrap elementor-element-populated\">\n\t\t\t\t\t\t\t\t<div class=\"elementor-element elementor-element-12d9aacc elementor-invisible elementor-widget elementor-widget-heading\" data-id=\"12d9aacc\" data-element_type=\"widget\" data-settings=\"{&quot;_animation&quot;:&quot;fadeInLeft&quot;,&quot;_animation_tablet&quot;:&quot;none&quot;,&quot;_animation_delay&quot;:100}\" data-widget_type=\"heading.default\">\n\t\t\t\t<div class=\"elementor-widget-container\">\n\t\t\t<style>\/*! elementor - v3.18.0 - 20-12-2023 *\/\n.elementor-heading-title{padding:0;margin:0;line-height:1}.elementor-widget-heading .elementor-heading-title[class*=elementor-size-]>a{color:inherit;font-size:inherit;line-height:inherit}.elementor-widget-heading .elementor-heading-title.elementor-size-small{font-size:15px}.elementor-widget-heading .elementor-heading-title.elementor-size-medium{font-size:19px}.elementor-widget-heading .elementor-heading-title.elementor-size-large{font-size:29px}.elementor-widget-heading .elementor-heading-title.elementor-size-xl{font-size:39px}.elementor-widget-heading .elementor-heading-title.elementor-size-xxl{font-size:59px}<\/style><h1 class=\"elementor-heading-title elementor-size-default\">Mentions l\u00e9gales<\/h1>\t\t<\/div>\n\t\t\t\t<\/div>\n\t\t\t\t<div class=\"elementor-element elementor-element-58587f07 elementor-widget-tablet__width-initial elementor-invisible elementor-widget elementor-widget-text-editor\" data-id=\"58587f07\" data-element_type=\"widget\" data-settings=\"{&quot;_animation&quot;:&quot;fadeIn&quot;,&quot;_animation_delay&quot;:300}\" data-widget_type=\"text-editor.default\">\n\t\t\t\t<div class=\"elementor-widget-container\">\n\t\t\t<style>\/*! elementor - v3.18.0 - 20-12-2023 *\/\n.elementor-widget-text-editor.elementor-drop-cap-view-stacked .elementor-drop-cap{background-color:#69727d;color:#fff}.elementor-widget-text-editor.elementor-drop-cap-view-framed .elementor-drop-cap{color:#69727d;border:3px solid;background-color:transparent}.elementor-widget-text-editor:not(.elementor-drop-cap-view-default) .elementor-drop-cap{margin-top:8px}.elementor-widget-text-editor:not(.elementor-drop-cap-view-default) .elementor-drop-cap-letter{width:1em;height:1em}.elementor-widget-text-editor .elementor-drop-cap{float:left;text-align:center;line-height:1;font-size:50px}.elementor-widget-text-editor .elementor-drop-cap-letter{display:inline-block}<\/style>\t\t\t\t<p>L\u2019adresse de notre site est :\u00a0<a href=\"https:\/\/heraheracles.com\/\" target=\"_blank\" rel=\"noreferrer noopener\">www.heraheracles.com<\/a>.<\/p><p>D\u00e9nomination sociale: Hera Heracles<\/p><p>Raison sociale: SASU<\/p><p>Adresse du Si\u00e8ge social : 15 rue des Halles, 75001 Paris<\/p><p>Email:\u00a0contact@heraheracles.com<\/p><p>T\u00e9l\u00e9phone: +33 (0)9 75 29 55 17<\/p><p>Registre du Commerce: Paris B 907\u00a0818\u00a0926<\/p><p>Num\u00e9ro Siren: 907818926<\/p><p>Num\u00e9ro Siret: 90781892600012<\/p><p>Num\u00e9ro de TVA: FR12907818926<\/p><p>H\u00e9bergement :<br \/>H\u00e9bergeur : Hostinger International Ltd<br \/>Si\u00e8ge social :\u00a0 61 Lordou Vironos Street, 6023 Larnaca, Cyprus<br \/>Site Web :\u00a0<a href=\"https:\/\/www.hostinger.com\/\" target=\"_blank\" rel=\"noreferrer noopener\">https:\/\/www.hostinger.com<\/a><br \/>Le site est h\u00e9berg\u00e9 aux Pays-Bas.<\/p><p>Hera Heracles est une soci\u00e9t\u00e9 par actions simplifi\u00e9es unipersonnelle qui \u00e9dite plusieurs sites web et cr\u00e9\u00e9 des designs num\u00e9riques.<\/p>\t\t\t\t\t\t<\/div>\n\t\t\t\t<\/div>\n\t\t\t\t\t<\/div>\n\t\t<\/div>\n\t\t\t\t\t\t\t<\/div>\n\t\t<\/section>\n\t\t\t\t\t\t\t<\/div>\n\t\t","protected":false},"excerpt":{"rendered":"<p>Mentions l\u00e9gales L\u2019adresse de notre site est :\u00a0www.heraheracles.com. D\u00e9nomination sociale: Hera Heracles Raison sociale: SASU Adresse du Si\u00e8ge social : 15 rue des Halles, 75001 Paris Email:\u00a0contact@heraheracles.com T\u00e9l\u00e9phone: +33 (0)9 75 29 55 17 Registre du Commerce: Paris B 907\u00a0818\u00a0926 Num\u00e9ro Siren: 907818926 Num\u00e9ro Siret: 90781892600012 Num\u00e9ro de TVA: FR12907818926 H\u00e9bergement :H\u00e9bergeur : Hostinger International [&hellip;]<\/p>\n","protected":false},"author":1,"featured_media":0,"parent":0,"menu_order":0,"comment_status":"closed","ping_status":"closed","template":"elementor_header_footer","meta":{"footnotes":""},"class_list":["post-8904","page","type-page","status-publish","hentry"],"yoast_head":"<!-- This site is optimized with the Yoast SEO plugin v21.7 - https:\/\/yoast.com\/wordpress\/plugins\/seo\/ -->\n<title>Mentions l\u00e9gales - HeraMentor<\/title>\n<meta name=\"description\" content=\"Un th\u00e8me cr\u00e9\u00e9 par Hera Heracles, qui peut se transformer pour devenir l&#039;image de votre entreprise et surprendre vos clients.\" \/>\n<meta name=\"robots\" content=\"index, follow, max-snippet:-1, max-image-preview:large, max-video-preview:-1\" \/>\n<link rel=\"canonical\" href=\"https:\/\/heraheracles.com\/themehera\/mentions-legales\/\" \/>\n<meta property=\"og:locale\" content=\"fr_FR\" \/>\n<meta property=\"og:type\" content=\"article\" \/>\n<meta property=\"og:title\" content=\"Mentions l\u00e9gales - HeraMentor\" \/>\n<meta property=\"og:description\" content=\"Un th\u00e8me cr\u00e9\u00e9 par Hera Heracles, qui peut se transformer pour devenir l&#039;image de votre entreprise et surprendre vos clients.\" \/>\n<meta property=\"og:url\" content=\"https:\/\/heraheracles.com\/themehera\/mentions-legales\/\" \/>\n<meta property=\"og:site_name\" content=\"HeraMentor\" \/>\n<meta property=\"article:modified_time\" content=\"2023-10-12T09:03:10+00:00\" \/>\n<meta property=\"og:image\" content=\"https:\/\/heraheracles.com\/themehera\/wp-content\/uploads\/sites\/292\/2023\/10\/themehera.png\" \/>\n\t<meta property=\"og:image:width\" content=\"1883\" \/>\n\t<meta property=\"og:image:height\" content=\"903\" \/>\n\t<meta property=\"og:image:type\" content=\"image\/png\" \/>\n<meta name=\"twitter:card\" content=\"summary_large_image\" \/>\n<script type=\"application\/ld+json\" class=\"yoast-schema-graph\">{\"@context\":\"https:\/\/schema.org\",\"@graph\":[{\"@type\":\"WebPage\",\"@id\":\"https:\/\/heraheracles.com\/themehera\/mentions-legales\/\",\"url\":\"https:\/\/heraheracles.com\/themehera\/mentions-legales\/\",\"name\":\"Mentions l\u00e9gales - HeraMentor\",\"isPartOf\":{\"@id\":\"https:\/\/heraheracles.com\/themehera\/#website\"},\"datePublished\":\"2023-10-12T09:02:48+00:00\",\"dateModified\":\"2023-10-12T09:03:10+00:00\",\"description\":\"Un th\u00e8me cr\u00e9\u00e9 par Hera Heracles, qui peut se transformer pour devenir l'image de votre entreprise et surprendre vos clients.\",\"breadcrumb\":{\"@id\":\"https:\/\/heraheracles.com\/themehera\/mentions-legales\/#breadcrumb\"},\"inLanguage\":\"fr-FR\",\"potentialAction\":[{\"@type\":\"ReadAction\",\"target\":[\"https:\/\/heraheracles.com\/themehera\/mentions-legales\/\"]}]},{\"@type\":\"BreadcrumbList\",\"@id\":\"https:\/\/heraheracles.com\/themehera\/mentions-legales\/#breadcrumb\",\"itemListElement\":[{\"@type\":\"ListItem\",\"position\":1,\"name\":\"Accueil\",\"item\":\"https:\/\/heraheracles.com\/themehera\/\"},{\"@type\":\"ListItem\",\"position\":2,\"name\":\"Mentions l\u00e9gales\"}]},{\"@type\":\"WebSite\",\"@id\":\"https:\/\/heraheracles.com\/themehera\/#website\",\"url\":\"https:\/\/heraheracles.com\/themehera\/\",\"name\":\"HeraMentor\",\"description\":\"Un th\u00e8me cr\u00e9\u00e9 par Hera Heracles\",\"publisher\":{\"@id\":\"https:\/\/heraheracles.com\/themehera\/#organization\"},\"alternateName\":\"Th\u00e8me Hera\",\"potentialAction\":[{\"@type\":\"SearchAction\",\"target\":{\"@type\":\"EntryPoint\",\"urlTemplate\":\"https:\/\/heraheracles.com\/themehera\/?s={search_term_string}\"},\"query-input\":\"required name=search_term_string\"}],\"inLanguage\":\"fr-FR\"},{\"@type\":\"Organization\",\"@id\":\"https:\/\/heraheracles.com\/themehera\/#organization\",\"name\":\"HeraMentor\",\"url\":\"https:\/\/heraheracles.com\/themehera\/\",\"logo\":{\"@type\":\"ImageObject\",\"inLanguage\":\"fr-FR\",\"@id\":\"https:\/\/heraheracles.com\/themehera\/#\/schema\/logo\/image\/\",\"url\":\"https:\/\/heraheracles.com\/themehera\/wp-content\/uploads\/sites\/292\/2023\/09\/Logo-HeraHeracles.png\",\"contentUrl\":\"https:\/\/heraheracles.com\/themehera\/wp-content\/uploads\/sites\/292\/2023\/09\/Logo-HeraHeracles.png\",\"width\":609,\"height\":239,\"caption\":\"HeraMentor\"},\"image\":{\"@id\":\"https:\/\/heraheracles.com\/themehera\/#\/schema\/logo\/image\/\"}}]}<\/script>\n<!-- \/ Yoast SEO plugin. -->","yoast_head_json":{"title":"Mentions l\u00e9gales - HeraMentor","description":"Un th\u00e8me cr\u00e9\u00e9 par Hera Heracles, qui peut se transformer pour devenir l'image de votre entreprise et surprendre vos clients.","robots":{"index":"index","follow":"follow","max-snippet":"max-snippet:-1","max-image-preview":"max-image-preview:large","max-video-preview":"max-video-preview:-1"},"canonical":"https:\/\/heraheracles.com\/themehera\/mentions-legales\/","og_locale":"fr_FR","og_type":"article","og_title":"Mentions l\u00e9gales - HeraMentor","og_description":"Un th\u00e8me cr\u00e9\u00e9 par Hera Heracles, qui peut se transformer pour devenir l'image de votre entreprise et surprendre vos clients.","og_url":"https:\/\/heraheracles.com\/themehera\/mentions-legales\/","og_site_name":"HeraMentor","article_modified_time":"2023-10-12T09:03:10+00:00","og_image":[{"width":1883,"height":903,"url":"https:\/\/heraheracles.com\/themehera\/wp-content\/uploads\/sites\/292\/2023\/10\/themehera.png","type":"image\/png"}],"twitter_card":"summary_large_image","schema":{"@context":"https:\/\/schema.org","@graph":[{"@type":"WebPage","@id":"https:\/\/heraheracles.com\/themehera\/mentions-legales\/","url":"https:\/\/heraheracles.com\/themehera\/mentions-legales\/","name":"Mentions l\u00e9gales - HeraMentor","isPartOf":{"@id":"https:\/\/heraheracles.com\/themehera\/#website"},"datePublished":"2023-10-12T09:02:48+00:00","dateModified":"2023-10-12T09:03:10+00:00","description":"Un th\u00e8me cr\u00e9\u00e9 par Hera Heracles, qui peut se transformer pour devenir l'image de votre entreprise et surprendre vos clients.","breadcrumb":{"@id":"https:\/\/heraheracles.com\/themehera\/mentions-legales\/#breadcrumb"},"inLanguage":"fr-FR","potentialAction":[{"@type":"ReadAction","target":["https:\/\/heraheracles.com\/themehera\/mentions-legales\/"]}]},{"@type":"BreadcrumbList","@id":"https:\/\/heraheracles.com\/themehera\/mentions-legales\/#breadcrumb","itemListElement":[{"@type":"ListItem","position":1,"name":"Accueil","item":"https:\/\/heraheracles.com\/themehera\/"},{"@type":"ListItem","position":2,"name":"Mentions l\u00e9gales"}]},{"@type":"WebSite","@id":"https:\/\/heraheracles.com\/themehera\/#website","url":"https:\/\/heraheracles.com\/themehera\/","name":"HeraMentor","description":"Un th\u00e8me cr\u00e9\u00e9 par Hera Heracles","publisher":{"@id":"https:\/\/heraheracles.com\/themehera\/#organization"},"alternateName":"Th\u00e8me Hera","potentialAction":[{"@type":"SearchAction","target":{"@type":"EntryPoint","urlTemplate":"https:\/\/heraheracles.com\/themehera\/?s={search_term_string}"},"query-input":"required name=search_term_string"}],"inLanguage":"fr-FR"},{"@type":"Organization","@id":"https:\/\/heraheracles.com\/themehera\/#organization","name":"HeraMentor","url":"https:\/\/heraheracles.com\/themehera\/","logo":{"@type":"ImageObject","inLanguage":"fr-FR","@id":"https:\/\/heraheracles.com\/themehera\/#\/schema\/logo\/image\/","url":"https:\/\/heraheracles.com\/themehera\/wp-content\/uploads\/sites\/292\/2023\/09\/Logo-HeraHeracles.png","contentUrl":"https:\/\/heraheracles.com\/themehera\/wp-content\/uploads\/sites\/292\/2023\/09\/Logo-HeraHeracles.png","width":609,"height":239,"caption":"HeraMentor"},"image":{"@id":"https:\/\/heraheracles.com\/themehera\/#\/schema\/logo\/image\/"}}]}},"_links":{"self":[{"href":"https:\/\/heraheracles.com\/themehera\/wp-json\/wp\/v2\/pages\/8904"}],"collection":[{"href":"https:\/\/heraheracles.com\/themehera\/wp-json\/wp\/v2\/pages"}],"about":[{"href":"https:\/\/heraheracles.com\/themehera\/wp-json\/wp\/v2\/types\/page"}],"author":[{"embeddable":true,"href":"https:\/\/heraheracles.com\/themehera\/wp-json\/wp\/v2\/users\/1"}],"replies":[{"embeddable":true,"href":"https:\/\/heraheracles.com\/themehera\/wp-json\/wp\/v2\/comments?post=8904"}],"version-history":[{"count":0,"href":"https:\/\/heraheracles.com\/themehera\/wp-json\/wp\/v2\/pages\/8904\/revisions"}],"wp:attachment":[{"href":"https:\/\/heraheracles.com\/themehera\/wp-json\/wp\/v2\/media?parent=8904"}],"curies":[{"name":"wp","href":"https:\/\/api.w.org\/{rel}","templated":true}]}}